{"id":1127,"date":"2022-10-24T19:55:59","date_gmt":"2022-10-24T19:55:59","guid":{"rendered":"https:\/\/butik-bella.com\/izdelek\/abbigliamento-uomo-chicago-bordo\/"},"modified":"2022-10-24T19:55:59","modified_gmt":"2022-10-24T19:55:59","slug":"abbigliamento-uomo-chicago-bordo","status":"publish","type":"product","link":"https:\/\/butik-bella.com\/it\/izdelek\/abbigliamento-uomo-chicago-bordo\/","title":{"rendered":"Abbigliamento Uomo Chicago bordo"},"content":{"rendered":"","protected":false},"excerpt":{"rendered":"","protected":false},"featured_media":924,"comment_status":"open","ping_status":"closed","template":"","meta":{"_acf_changed":false},"product_brand":[],"product_cat":[54],"product_tag":[],"class_list":{"0":"post-1127","1":"product","2":"type-product","3":"status-publish","4":"has-post-thumbnail","6":"product_cat-abiti-per-sposo","8":"first","9":"instock","10":"shipping-taxable","11":"product-type-simple"},"acf":[],"yoast_head":"<!-- This site is optimized with the Yoast SEO plugin v26.7 - https:\/\/yoast.com\/wordpress\/plugins\/seo\/ -->\n<title>Abbigliamento Uomo Chicago bordo - Poro\u010dni butik Bella, Nova Gorica - Vse za vajin poro\u010dni dan!<\/title>\n<meta name=\"robots\" content=\"index, follow, max-snippet:-1, max-image-preview:large, max-video-preview:-1\" \/>\n<link rel=\"canonical\" href=\"https:\/\/butik-bella.com\/it\/izdelek\/abbigliamento-uomo-chicago-bordo\/\" \/>\n<meta property=\"og:locale\" content=\"it_IT\" \/>\n<meta property=\"og:type\" content=\"article\" \/>\n<meta property=\"og:title\" content=\"Abbigliamento Uomo Chicago bordo - Poro\u010dni butik Bella, Nova Gorica - Vse za vajin poro\u010dni dan!\" \/>\n<meta property=\"og:url\" content=\"https:\/\/butik-bella.com\/it\/izdelek\/abbigliamento-uomo-chicago-bordo\/\" \/>\n<meta property=\"og:site_name\" content=\"Poro\u010dni butik Bella, Nova Gorica - Vse za vajin poro\u010dni dan!\" \/>\n<meta property=\"og:image\" content=\"https:\/\/butik-bella.com\/wp-content\/uploads\/2022\/10\/198-large_default.jpg\" \/>\n\t<meta property=\"og:image:width\" content=\"800\" \/>\n\t<meta property=\"og:image:height\" content=\"800\" \/>\n\t<meta property=\"og:image:type\" content=\"image\/jpeg\" \/>\n<meta name=\"twitter:card\" content=\"summary_large_image\" \/>\n<script type=\"application\/ld+json\" class=\"yoast-schema-graph\">{\"@context\":\"https:\/\/schema.org\",\"@graph\":[{\"@type\":\"WebPage\",\"@id\":\"https:\/\/butik-bella.com\/it\/izdelek\/abbigliamento-uomo-chicago-bordo\/\",\"url\":\"https:\/\/butik-bella.com\/it\/izdelek\/abbigliamento-uomo-chicago-bordo\/\",\"name\":\"Abbigliamento Uomo Chicago bordo - Poro\u010dni butik Bella, Nova Gorica - Vse za vajin poro\u010dni dan!\",\"isPartOf\":{\"@id\":\"https:\/\/butik-bella.com\/it\/#website\"},\"primaryImageOfPage\":{\"@id\":\"https:\/\/butik-bella.com\/it\/izdelek\/abbigliamento-uomo-chicago-bordo\/#primaryimage\"},\"image\":{\"@id\":\"https:\/\/butik-bella.com\/it\/izdelek\/abbigliamento-uomo-chicago-bordo\/#primaryimage\"},\"thumbnailUrl\":\"https:\/\/butik-bella.com\/wp-content\/uploads\/2022\/10\/198-large_default.jpg\",\"datePublished\":\"2022-10-24T19:55:59+00:00\",\"breadcrumb\":{\"@id\":\"https:\/\/butik-bella.com\/it\/izdelek\/abbigliamento-uomo-chicago-bordo\/#breadcrumb\"},\"inLanguage\":\"it-IT\",\"potentialAction\":[{\"@type\":\"ReadAction\",\"target\":[\"https:\/\/butik-bella.com\/it\/izdelek\/abbigliamento-uomo-chicago-bordo\/\"]}]},{\"@type\":\"ImageObject\",\"inLanguage\":\"it-IT\",\"@id\":\"https:\/\/butik-bella.com\/it\/izdelek\/abbigliamento-uomo-chicago-bordo\/#primaryimage\",\"url\":\"https:\/\/butik-bella.com\/wp-content\/uploads\/2022\/10\/198-large_default.jpg\",\"contentUrl\":\"https:\/\/butik-bella.com\/wp-content\/uploads\/2022\/10\/198-large_default.jpg\",\"width\":800,\"height\":800},{\"@type\":\"BreadcrumbList\",\"@id\":\"https:\/\/butik-bella.com\/it\/izdelek\/abbigliamento-uomo-chicago-bordo\/#breadcrumb\",\"itemListElement\":[{\"@type\":\"ListItem\",\"position\":1,\"name\":\"Home\",\"item\":\"https:\/\/butik-bella.com\/it\/\"},{\"@type\":\"ListItem\",\"position\":2,\"name\":\"Prodotti\",\"item\":\"https:\/\/butik-bella.com\/it\/shop\/\"},{\"@type\":\"ListItem\",\"position\":3,\"name\":\"Abbigliamento Uomo Chicago bordo\"}]},{\"@type\":\"WebSite\",\"@id\":\"https:\/\/butik-bella.com\/it\/#website\",\"url\":\"https:\/\/butik-bella.com\/it\/\",\"name\":\"Poro\u010dni butik Bella, Nova Gorica - Vse za vajin poro\u010dni dan!\",\"description\":\"Vse za vajin poro\u010dni dan\",\"potentialAction\":[{\"@type\":\"SearchAction\",\"target\":{\"@type\":\"EntryPoint\",\"urlTemplate\":\"https:\/\/butik-bella.com\/it\/?s={search_term_string}\"},\"query-input\":{\"@type\":\"PropertyValueSpecification\",\"valueRequired\":true,\"valueName\":\"search_term_string\"}}],\"inLanguage\":\"it-IT\"}]}<\/script>\n<!-- \/ Yoast SEO plugin. -->","yoast_head_json":{"title":"Abbigliamento Uomo Chicago bordo - Poro\u010dni butik Bella, Nova Gorica - Vse za vajin poro\u010dni dan!","robots":{"index":"index","follow":"follow","max-snippet":"max-snippet:-1","max-image-preview":"max-image-preview:large","max-video-preview":"max-video-preview:-1"},"canonical":"https:\/\/butik-bella.com\/it\/izdelek\/abbigliamento-uomo-chicago-bordo\/","og_locale":"it_IT","og_type":"article","og_title":"Abbigliamento Uomo Chicago bordo - Poro\u010dni butik Bella, Nova Gorica - Vse za vajin poro\u010dni dan!","og_url":"https:\/\/butik-bella.com\/it\/izdelek\/abbigliamento-uomo-chicago-bordo\/","og_site_name":"Poro\u010dni butik Bella, Nova Gorica - Vse za vajin poro\u010dni dan!","og_image":[{"width":800,"height":800,"url":"https:\/\/butik-bella.com\/wp-content\/uploads\/2022\/10\/198-large_default.jpg","type":"image\/jpeg"}],"twitter_card":"summary_large_image","schema":{"@context":"https:\/\/schema.org","@graph":[{"@type":"WebPage","@id":"https:\/\/butik-bella.com\/it\/izdelek\/abbigliamento-uomo-chicago-bordo\/","url":"https:\/\/butik-bella.com\/it\/izdelek\/abbigliamento-uomo-chicago-bordo\/","name":"Abbigliamento Uomo Chicago bordo - Poro\u010dni butik Bella, Nova Gorica - Vse za vajin poro\u010dni dan!","isPartOf":{"@id":"https:\/\/butik-bella.com\/it\/#website"},"primaryImageOfPage":{"@id":"https:\/\/butik-bella.com\/it\/izdelek\/abbigliamento-uomo-chicago-bordo\/#primaryimage"},"image":{"@id":"https:\/\/butik-bella.com\/it\/izdelek\/abbigliamento-uomo-chicago-bordo\/#primaryimage"},"thumbnailUrl":"https:\/\/butik-bella.com\/wp-content\/uploads\/2022\/10\/198-large_default.jpg","datePublished":"2022-10-24T19:55:59+00:00","breadcrumb":{"@id":"https:\/\/butik-bella.com\/it\/izdelek\/abbigliamento-uomo-chicago-bordo\/#breadcrumb"},"inLanguage":"it-IT","potentialAction":[{"@type":"ReadAction","target":["https:\/\/butik-bella.com\/it\/izdelek\/abbigliamento-uomo-chicago-bordo\/"]}]},{"@type":"ImageObject","inLanguage":"it-IT","@id":"https:\/\/butik-bella.com\/it\/izdelek\/abbigliamento-uomo-chicago-bordo\/#primaryimage","url":"https:\/\/butik-bella.com\/wp-content\/uploads\/2022\/10\/198-large_default.jpg","contentUrl":"https:\/\/butik-bella.com\/wp-content\/uploads\/2022\/10\/198-large_default.jpg","width":800,"height":800},{"@type":"BreadcrumbList","@id":"https:\/\/butik-bella.com\/it\/izdelek\/abbigliamento-uomo-chicago-bordo\/#breadcrumb","itemListElement":[{"@type":"ListItem","position":1,"name":"Home","item":"https:\/\/butik-bella.com\/it\/"},{"@type":"ListItem","position":2,"name":"Prodotti","item":"https:\/\/butik-bella.com\/it\/shop\/"},{"@type":"ListItem","position":3,"name":"Abbigliamento Uomo Chicago bordo"}]},{"@type":"WebSite","@id":"https:\/\/butik-bella.com\/it\/#website","url":"https:\/\/butik-bella.com\/it\/","name":"Poro\u010dni butik Bella, Nova Gorica - Vse za vajin poro\u010dni dan!","description":"Vse za vajin poro\u010dni dan","potentialAction":[{"@type":"SearchAction","target":{"@type":"EntryPoint","urlTemplate":"https:\/\/butik-bella.com\/it\/?s={search_term_string}"},"query-input":{"@type":"PropertyValueSpecification","valueRequired":true,"valueName":"search_term_string"}}],"inLanguage":"it-IT"}]}},"_links":{"self":[{"href":"https:\/\/butik-bella.com\/it\/wp-json\/wp\/v2\/product\/1127","targetHints":{"allow":["GET"]}}],"collection":[{"href":"https:\/\/butik-bella.com\/it\/wp-json\/wp\/v2\/product"}],"about":[{"href":"https:\/\/butik-bella.com\/it\/wp-json\/wp\/v2\/types\/product"}],"replies":[{"embeddable":true,"href":"https:\/\/butik-bella.com\/it\/wp-json\/wp\/v2\/comments?post=1127"}],"wp:featuredmedia":[{"embeddable":true,"href":"https:\/\/butik-bella.com\/it\/wp-json\/wp\/v2\/media\/924"}],"wp:attachment":[{"href":"https:\/\/butik-bella.com\/it\/wp-json\/wp\/v2\/media?parent=1127"}],"wp:term":[{"taxonomy":"product_brand","embeddable":true,"href":"https:\/\/butik-bella.com\/it\/wp-json\/wp\/v2\/product_brand?post=1127"},{"taxonomy":"product_cat","embeddable":true,"href":"https:\/\/butik-bella.com\/it\/wp-json\/wp\/v2\/product_cat?post=1127"},{"taxonomy":"product_tag","embeddable":true,"href":"https:\/\/butik-bella.com\/it\/wp-json\/wp\/v2\/product_tag?post=1127"}],"curies":[{"name":"wp","href":"https:\/\/api.w.org\/{rel}","templated":true}]}}