{"id":1229,"date":"2022-10-16T18:20:43","date_gmt":"2022-10-16T18:20:43","guid":{"rendered":"https:\/\/butik-bella.com\/izdelek\/abito-da-sposa-nora\/"},"modified":"2024-11-05T17:00:57","modified_gmt":"2024-11-05T17:00:57","slug":"porocna-obleka-nora","status":"publish","type":"product","link":"https:\/\/butik-bella.com\/it\/izdelek\/porocna-obleka-nora\/","title":{"rendered":"Poro\u010dna obleka 94"},"content":{"rendered":"","protected":false},"excerpt":{"rendered":"<p>Preprosta, elegantna poro\u010dna obleka.<\/p>\n","protected":false},"featured_media":763,"comment_status":"open","ping_status":"closed","template":"","meta":{"_acf_changed":false},"product_brand":[],"product_cat":[55,53],"product_tag":[],"class_list":{"0":"post-1229","1":"product","2":"type-product","3":"status-publish","4":"has-post-thumbnail","6":"product_cat-abiti-per-sposa","7":"product_cat-offerte-speciali-per-sposa","9":"first","10":"instock","11":"shipping-taxable","12":"product-type-simple"},"acf":[],"yoast_head":"<!-- This site is optimized with the Yoast SEO plugin v26.7 - https:\/\/yoast.com\/wordpress\/plugins\/seo\/ -->\n<title>Poro\u010dna obleka 94 - Poro\u010dni butik Bella, Nova Gorica - Vse za vajin poro\u010dni dan!<\/title>\n<meta name=\"robots\" content=\"index, follow, max-snippet:-1, max-image-preview:large, max-video-preview:-1\" \/>\n<link rel=\"canonical\" href=\"https:\/\/butik-bella.com\/it\/izdelek\/porocna-obleka-nora\/\" \/>\n<meta property=\"og:locale\" content=\"it_IT\" \/>\n<meta property=\"og:type\" content=\"article\" \/>\n<meta property=\"og:title\" content=\"Poro\u010dna obleka 94 - Poro\u010dni butik Bella, Nova Gorica - Vse za vajin poro\u010dni dan!\" \/>\n<meta property=\"og:description\" content=\"Preprosta, elegantna poro\u010dna obleka.\" \/>\n<meta property=\"og:url\" content=\"https:\/\/butik-bella.com\/it\/izdelek\/porocna-obleka-nora\/\" \/>\n<meta property=\"og:site_name\" content=\"Poro\u010dni butik Bella, Nova Gorica - Vse za vajin poro\u010dni dan!\" \/>\n<meta property=\"article:modified_time\" content=\"2024-11-05T17:00:57+00:00\" \/>\n<meta property=\"og:image\" content=\"https:\/\/butik-bella.com\/wp-content\/uploads\/2022\/10\/Nora.jpg\" \/>\n\t<meta property=\"og:image:width\" content=\"299\" \/>\n\t<meta property=\"og:image:height\" content=\"422\" \/>\n\t<meta property=\"og:image:type\" content=\"image\/jpeg\" \/>\n<meta name=\"twitter:card\" content=\"summary_large_image\" \/>\n<meta name=\"twitter:label1\" content=\"Tempo di lettura stimato\" \/>\n\t<meta name=\"twitter:data1\" content=\"1 minuto\" \/>\n<script type=\"application\/ld+json\" class=\"yoast-schema-graph\">{\"@context\":\"https:\/\/schema.org\",\"@graph\":[{\"@type\":\"WebPage\",\"@id\":\"https:\/\/butik-bella.com\/it\/izdelek\/porocna-obleka-nora\/\",\"url\":\"https:\/\/butik-bella.com\/it\/izdelek\/porocna-obleka-nora\/\",\"name\":\"Poro\u010dna obleka 94 - Poro\u010dni butik Bella, Nova Gorica - Vse za vajin poro\u010dni dan!\",\"isPartOf\":{\"@id\":\"https:\/\/butik-bella.com\/it\/#website\"},\"primaryImageOfPage\":{\"@id\":\"https:\/\/butik-bella.com\/it\/izdelek\/porocna-obleka-nora\/#primaryimage\"},\"image\":{\"@id\":\"https:\/\/butik-bella.com\/it\/izdelek\/porocna-obleka-nora\/#primaryimage\"},\"thumbnailUrl\":\"https:\/\/butik-bella.com\/wp-content\/uploads\/2022\/10\/Nora.jpg\",\"datePublished\":\"2022-10-16T18:20:43+00:00\",\"dateModified\":\"2024-11-05T17:00:57+00:00\",\"breadcrumb\":{\"@id\":\"https:\/\/butik-bella.com\/it\/izdelek\/porocna-obleka-nora\/#breadcrumb\"},\"inLanguage\":\"it-IT\",\"potentialAction\":[{\"@type\":\"ReadAction\",\"target\":[\"https:\/\/butik-bella.com\/it\/izdelek\/porocna-obleka-nora\/\"]}]},{\"@type\":\"ImageObject\",\"inLanguage\":\"it-IT\",\"@id\":\"https:\/\/butik-bella.com\/it\/izdelek\/porocna-obleka-nora\/#primaryimage\",\"url\":\"https:\/\/butik-bella.com\/wp-content\/uploads\/2022\/10\/Nora.jpg\",\"contentUrl\":\"https:\/\/butik-bella.com\/wp-content\/uploads\/2022\/10\/Nora.jpg\",\"width\":299,\"height\":422},{\"@type\":\"BreadcrumbList\",\"@id\":\"https:\/\/butik-bella.com\/it\/izdelek\/porocna-obleka-nora\/#breadcrumb\",\"itemListElement\":[{\"@type\":\"ListItem\",\"position\":1,\"name\":\"Home\",\"item\":\"https:\/\/butik-bella.com\/it\/\"},{\"@type\":\"ListItem\",\"position\":2,\"name\":\"Prodotti\",\"item\":\"https:\/\/butik-bella.com\/it\/shop\/\"},{\"@type\":\"ListItem\",\"position\":3,\"name\":\"Poro\u010dna obleka 94\"}]},{\"@type\":\"WebSite\",\"@id\":\"https:\/\/butik-bella.com\/it\/#website\",\"url\":\"https:\/\/butik-bella.com\/it\/\",\"name\":\"Poro\u010dni butik Bella, Nova Gorica - Vse za vajin poro\u010dni dan!\",\"description\":\"Vse za vajin poro\u010dni dan\",\"potentialAction\":[{\"@type\":\"SearchAction\",\"target\":{\"@type\":\"EntryPoint\",\"urlTemplate\":\"https:\/\/butik-bella.com\/it\/?s={search_term_string}\"},\"query-input\":{\"@type\":\"PropertyValueSpecification\",\"valueRequired\":true,\"valueName\":\"search_term_string\"}}],\"inLanguage\":\"it-IT\"}]}<\/script>\n<!-- \/ Yoast SEO plugin. -->","yoast_head_json":{"title":"Poro\u010dna obleka 94 - Poro\u010dni butik Bella, Nova Gorica - Vse za vajin poro\u010dni dan!","robots":{"index":"index","follow":"follow","max-snippet":"max-snippet:-1","max-image-preview":"max-image-preview:large","max-video-preview":"max-video-preview:-1"},"canonical":"https:\/\/butik-bella.com\/it\/izdelek\/porocna-obleka-nora\/","og_locale":"it_IT","og_type":"article","og_title":"Poro\u010dna obleka 94 - Poro\u010dni butik Bella, Nova Gorica - Vse za vajin poro\u010dni dan!","og_description":"Preprosta, elegantna poro\u010dna obleka.","og_url":"https:\/\/butik-bella.com\/it\/izdelek\/porocna-obleka-nora\/","og_site_name":"Poro\u010dni butik Bella, Nova Gorica - Vse za vajin poro\u010dni dan!","article_modified_time":"2024-11-05T17:00:57+00:00","og_image":[{"width":299,"height":422,"url":"https:\/\/butik-bella.com\/wp-content\/uploads\/2022\/10\/Nora.jpg","type":"image\/jpeg"}],"twitter_card":"summary_large_image","twitter_misc":{"Tempo di lettura stimato":"1 minuto"},"schema":{"@context":"https:\/\/schema.org","@graph":[{"@type":"WebPage","@id":"https:\/\/butik-bella.com\/it\/izdelek\/porocna-obleka-nora\/","url":"https:\/\/butik-bella.com\/it\/izdelek\/porocna-obleka-nora\/","name":"Poro\u010dna obleka 94 - Poro\u010dni butik Bella, Nova Gorica - Vse za vajin poro\u010dni dan!","isPartOf":{"@id":"https:\/\/butik-bella.com\/it\/#website"},"primaryImageOfPage":{"@id":"https:\/\/butik-bella.com\/it\/izdelek\/porocna-obleka-nora\/#primaryimage"},"image":{"@id":"https:\/\/butik-bella.com\/it\/izdelek\/porocna-obleka-nora\/#primaryimage"},"thumbnailUrl":"https:\/\/butik-bella.com\/wp-content\/uploads\/2022\/10\/Nora.jpg","datePublished":"2022-10-16T18:20:43+00:00","dateModified":"2024-11-05T17:00:57+00:00","breadcrumb":{"@id":"https:\/\/butik-bella.com\/it\/izdelek\/porocna-obleka-nora\/#breadcrumb"},"inLanguage":"it-IT","potentialAction":[{"@type":"ReadAction","target":["https:\/\/butik-bella.com\/it\/izdelek\/porocna-obleka-nora\/"]}]},{"@type":"ImageObject","inLanguage":"it-IT","@id":"https:\/\/butik-bella.com\/it\/izdelek\/porocna-obleka-nora\/#primaryimage","url":"https:\/\/butik-bella.com\/wp-content\/uploads\/2022\/10\/Nora.jpg","contentUrl":"https:\/\/butik-bella.com\/wp-content\/uploads\/2022\/10\/Nora.jpg","width":299,"height":422},{"@type":"BreadcrumbList","@id":"https:\/\/butik-bella.com\/it\/izdelek\/porocna-obleka-nora\/#breadcrumb","itemListElement":[{"@type":"ListItem","position":1,"name":"Home","item":"https:\/\/butik-bella.com\/it\/"},{"@type":"ListItem","position":2,"name":"Prodotti","item":"https:\/\/butik-bella.com\/it\/shop\/"},{"@type":"ListItem","position":3,"name":"Poro\u010dna obleka 94"}]},{"@type":"WebSite","@id":"https:\/\/butik-bella.com\/it\/#website","url":"https:\/\/butik-bella.com\/it\/","name":"Poro\u010dni butik Bella, Nova Gorica - Vse za vajin poro\u010dni dan!","description":"Vse za vajin poro\u010dni dan","potentialAction":[{"@type":"SearchAction","target":{"@type":"EntryPoint","urlTemplate":"https:\/\/butik-bella.com\/it\/?s={search_term_string}"},"query-input":{"@type":"PropertyValueSpecification","valueRequired":true,"valueName":"search_term_string"}}],"inLanguage":"it-IT"}]}},"_links":{"self":[{"href":"https:\/\/butik-bella.com\/it\/wp-json\/wp\/v2\/product\/1229","targetHints":{"allow":["GET"]}}],"collection":[{"href":"https:\/\/butik-bella.com\/it\/wp-json\/wp\/v2\/product"}],"about":[{"href":"https:\/\/butik-bella.com\/it\/wp-json\/wp\/v2\/types\/product"}],"replies":[{"embeddable":true,"href":"https:\/\/butik-bella.com\/it\/wp-json\/wp\/v2\/comments?post=1229"}],"wp:featuredmedia":[{"embeddable":true,"href":"https:\/\/butik-bella.com\/it\/wp-json\/wp\/v2\/media\/763"}],"wp:attachment":[{"href":"https:\/\/butik-bella.com\/it\/wp-json\/wp\/v2\/media?parent=1229"}],"wp:term":[{"taxonomy":"product_brand","embeddable":true,"href":"https:\/\/butik-bella.com\/it\/wp-json\/wp\/v2\/product_brand?post=1229"},{"taxonomy":"product_cat","embeddable":true,"href":"https:\/\/butik-bella.com\/it\/wp-json\/wp\/v2\/product_cat?post=1229"},{"taxonomy":"product_tag","embeddable":true,"href":"https:\/\/butik-bella.com\/it\/wp-json\/wp\/v2\/product_tag?post=1229"}],"curies":[{"name":"wp","href":"https:\/\/api.w.org\/{rel}","templated":true}]}}