{"id":2184,"date":"2024-06-04T13:48:19","date_gmt":"2024-06-04T13:48:19","guid":{"rendered":"https:\/\/butik-bella.com\/izdelek\/porocna-obleka-4194\/"},"modified":"2024-11-05T17:00:32","modified_gmt":"2024-11-05T17:00:32","slug":"porocna-obleka-4194","status":"publish","type":"product","link":"https:\/\/butik-bella.com\/it\/izdelek\/porocna-obleka-4194\/","title":{"rendered":"Poro\u010dna obleka 33"},"content":{"rendered":"","protected":false},"excerpt":{"rendered":"","protected":false},"featured_media":1942,"comment_status":"open","ping_status":"closed","template":"","meta":{"_acf_changed":false},"product_brand":[],"product_cat":[55],"product_tag":[],"class_list":{"0":"post-2184","1":"product","2":"type-product","3":"status-publish","4":"has-post-thumbnail","6":"product_cat-abiti-per-sposa","8":"first","9":"instock","10":"shipping-taxable","11":"product-type-simple"},"acf":[],"yoast_head":"<!-- This site is optimized with the Yoast SEO plugin v26.7 - https:\/\/yoast.com\/wordpress\/plugins\/seo\/ -->\n<title>Poro\u010dna obleka 33 - Poro\u010dni butik Bella, Nova Gorica - Vse za vajin poro\u010dni dan!<\/title>\n<meta name=\"robots\" content=\"index, follow, max-snippet:-1, max-image-preview:large, max-video-preview:-1\" \/>\n<link rel=\"canonical\" href=\"https:\/\/butik-bella.com\/it\/izdelek\/porocna-obleka-4194\/\" \/>\n<meta property=\"og:locale\" content=\"it_IT\" \/>\n<meta property=\"og:type\" content=\"article\" \/>\n<meta property=\"og:title\" content=\"Poro\u010dna obleka 33 - Poro\u010dni butik Bella, Nova Gorica - Vse za vajin poro\u010dni dan!\" \/>\n<meta property=\"og:url\" content=\"https:\/\/butik-bella.com\/it\/izdelek\/porocna-obleka-4194\/\" \/>\n<meta property=\"og:site_name\" content=\"Poro\u010dni butik Bella, Nova Gorica - Vse za vajin poro\u010dni dan!\" \/>\n<meta property=\"article:modified_time\" content=\"2024-11-05T17:00:32+00:00\" \/>\n<meta property=\"og:image\" content=\"https:\/\/butik-bella.com\/wp-content\/uploads\/2024\/06\/4194-nu_1-scaled.jpg\" \/>\n\t<meta property=\"og:image:width\" content=\"1920\" \/>\n\t<meta property=\"og:image:height\" content=\"1454\" \/>\n\t<meta property=\"og:image:type\" content=\"image\/jpeg\" \/>\n<meta name=\"twitter:card\" content=\"summary_large_image\" \/>\n<script type=\"application\/ld+json\" class=\"yoast-schema-graph\">{\"@context\":\"https:\/\/schema.org\",\"@graph\":[{\"@type\":\"WebPage\",\"@id\":\"https:\/\/butik-bella.com\/it\/izdelek\/porocna-obleka-4194\/\",\"url\":\"https:\/\/butik-bella.com\/it\/izdelek\/porocna-obleka-4194\/\",\"name\":\"Poro\u010dna obleka 33 - Poro\u010dni butik Bella, Nova Gorica - Vse za vajin poro\u010dni dan!\",\"isPartOf\":{\"@id\":\"https:\/\/butik-bella.com\/it\/#website\"},\"primaryImageOfPage\":{\"@id\":\"https:\/\/butik-bella.com\/it\/izdelek\/porocna-obleka-4194\/#primaryimage\"},\"image\":{\"@id\":\"https:\/\/butik-bella.com\/it\/izdelek\/porocna-obleka-4194\/#primaryimage\"},\"thumbnailUrl\":\"https:\/\/butik-bella.com\/wp-content\/uploads\/2024\/06\/4194-nu_1-scaled.jpg\",\"datePublished\":\"2024-06-04T13:48:19+00:00\",\"dateModified\":\"2024-11-05T17:00:32+00:00\",\"breadcrumb\":{\"@id\":\"https:\/\/butik-bella.com\/it\/izdelek\/porocna-obleka-4194\/#breadcrumb\"},\"inLanguage\":\"it-IT\",\"potentialAction\":[{\"@type\":\"ReadAction\",\"target\":[\"https:\/\/butik-bella.com\/it\/izdelek\/porocna-obleka-4194\/\"]}]},{\"@type\":\"ImageObject\",\"inLanguage\":\"it-IT\",\"@id\":\"https:\/\/butik-bella.com\/it\/izdelek\/porocna-obleka-4194\/#primaryimage\",\"url\":\"https:\/\/butik-bella.com\/wp-content\/uploads\/2024\/06\/4194-nu_1-scaled.jpg\",\"contentUrl\":\"https:\/\/butik-bella.com\/wp-content\/uploads\/2024\/06\/4194-nu_1-scaled.jpg\",\"width\":1920,\"height\":1454},{\"@type\":\"BreadcrumbList\",\"@id\":\"https:\/\/butik-bella.com\/it\/izdelek\/porocna-obleka-4194\/#breadcrumb\",\"itemListElement\":[{\"@type\":\"ListItem\",\"position\":1,\"name\":\"Home\",\"item\":\"https:\/\/butik-bella.com\/it\/\"},{\"@type\":\"ListItem\",\"position\":2,\"name\":\"Prodotti\",\"item\":\"https:\/\/butik-bella.com\/it\/shop\/\"},{\"@type\":\"ListItem\",\"position\":3,\"name\":\"Poro\u010dna obleka 33\"}]},{\"@type\":\"WebSite\",\"@id\":\"https:\/\/butik-bella.com\/it\/#website\",\"url\":\"https:\/\/butik-bella.com\/it\/\",\"name\":\"Poro\u010dni butik Bella, Nova Gorica - Vse za vajin poro\u010dni dan!\",\"description\":\"Vse za vajin poro\u010dni dan\",\"potentialAction\":[{\"@type\":\"SearchAction\",\"target\":{\"@type\":\"EntryPoint\",\"urlTemplate\":\"https:\/\/butik-bella.com\/it\/?s={search_term_string}\"},\"query-input\":{\"@type\":\"PropertyValueSpecification\",\"valueRequired\":true,\"valueName\":\"search_term_string\"}}],\"inLanguage\":\"it-IT\"}]}<\/script>\n<!-- \/ Yoast SEO plugin. -->","yoast_head_json":{"title":"Poro\u010dna obleka 33 - Poro\u010dni butik Bella, Nova Gorica - Vse za vajin poro\u010dni dan!","robots":{"index":"index","follow":"follow","max-snippet":"max-snippet:-1","max-image-preview":"max-image-preview:large","max-video-preview":"max-video-preview:-1"},"canonical":"https:\/\/butik-bella.com\/it\/izdelek\/porocna-obleka-4194\/","og_locale":"it_IT","og_type":"article","og_title":"Poro\u010dna obleka 33 - Poro\u010dni butik Bella, Nova Gorica - Vse za vajin poro\u010dni dan!","og_url":"https:\/\/butik-bella.com\/it\/izdelek\/porocna-obleka-4194\/","og_site_name":"Poro\u010dni butik Bella, Nova Gorica - Vse za vajin poro\u010dni dan!","article_modified_time":"2024-11-05T17:00:32+00:00","og_image":[{"width":1920,"height":1454,"url":"https:\/\/butik-bella.com\/wp-content\/uploads\/2024\/06\/4194-nu_1-scaled.jpg","type":"image\/jpeg"}],"twitter_card":"summary_large_image","schema":{"@context":"https:\/\/schema.org","@graph":[{"@type":"WebPage","@id":"https:\/\/butik-bella.com\/it\/izdelek\/porocna-obleka-4194\/","url":"https:\/\/butik-bella.com\/it\/izdelek\/porocna-obleka-4194\/","name":"Poro\u010dna obleka 33 - Poro\u010dni butik Bella, Nova Gorica - Vse za vajin poro\u010dni dan!","isPartOf":{"@id":"https:\/\/butik-bella.com\/it\/#website"},"primaryImageOfPage":{"@id":"https:\/\/butik-bella.com\/it\/izdelek\/porocna-obleka-4194\/#primaryimage"},"image":{"@id":"https:\/\/butik-bella.com\/it\/izdelek\/porocna-obleka-4194\/#primaryimage"},"thumbnailUrl":"https:\/\/butik-bella.com\/wp-content\/uploads\/2024\/06\/4194-nu_1-scaled.jpg","datePublished":"2024-06-04T13:48:19+00:00","dateModified":"2024-11-05T17:00:32+00:00","breadcrumb":{"@id":"https:\/\/butik-bella.com\/it\/izdelek\/porocna-obleka-4194\/#breadcrumb"},"inLanguage":"it-IT","potentialAction":[{"@type":"ReadAction","target":["https:\/\/butik-bella.com\/it\/izdelek\/porocna-obleka-4194\/"]}]},{"@type":"ImageObject","inLanguage":"it-IT","@id":"https:\/\/butik-bella.com\/it\/izdelek\/porocna-obleka-4194\/#primaryimage","url":"https:\/\/butik-bella.com\/wp-content\/uploads\/2024\/06\/4194-nu_1-scaled.jpg","contentUrl":"https:\/\/butik-bella.com\/wp-content\/uploads\/2024\/06\/4194-nu_1-scaled.jpg","width":1920,"height":1454},{"@type":"BreadcrumbList","@id":"https:\/\/butik-bella.com\/it\/izdelek\/porocna-obleka-4194\/#breadcrumb","itemListElement":[{"@type":"ListItem","position":1,"name":"Home","item":"https:\/\/butik-bella.com\/it\/"},{"@type":"ListItem","position":2,"name":"Prodotti","item":"https:\/\/butik-bella.com\/it\/shop\/"},{"@type":"ListItem","position":3,"name":"Poro\u010dna obleka 33"}]},{"@type":"WebSite","@id":"https:\/\/butik-bella.com\/it\/#website","url":"https:\/\/butik-bella.com\/it\/","name":"Poro\u010dni butik Bella, Nova Gorica - Vse za vajin poro\u010dni dan!","description":"Vse za vajin poro\u010dni dan","potentialAction":[{"@type":"SearchAction","target":{"@type":"EntryPoint","urlTemplate":"https:\/\/butik-bella.com\/it\/?s={search_term_string}"},"query-input":{"@type":"PropertyValueSpecification","valueRequired":true,"valueName":"search_term_string"}}],"inLanguage":"it-IT"}]}},"_links":{"self":[{"href":"https:\/\/butik-bella.com\/it\/wp-json\/wp\/v2\/product\/2184","targetHints":{"allow":["GET"]}}],"collection":[{"href":"https:\/\/butik-bella.com\/it\/wp-json\/wp\/v2\/product"}],"about":[{"href":"https:\/\/butik-bella.com\/it\/wp-json\/wp\/v2\/types\/product"}],"replies":[{"embeddable":true,"href":"https:\/\/butik-bella.com\/it\/wp-json\/wp\/v2\/comments?post=2184"}],"wp:featuredmedia":[{"embeddable":true,"href":"https:\/\/butik-bella.com\/it\/wp-json\/wp\/v2\/media\/1942"}],"wp:attachment":[{"href":"https:\/\/butik-bella.com\/it\/wp-json\/wp\/v2\/media?parent=2184"}],"wp:term":[{"taxonomy":"product_brand","embeddable":true,"href":"https:\/\/butik-bella.com\/it\/wp-json\/wp\/v2\/product_brand?post=2184"},{"taxonomy":"product_cat","embeddable":true,"href":"https:\/\/butik-bella.com\/it\/wp-json\/wp\/v2\/product_cat?post=2184"},{"taxonomy":"product_tag","embeddable":true,"href":"https:\/\/butik-bella.com\/it\/wp-json\/wp\/v2\/product_tag?post=2184"}],"curies":[{"name":"wp","href":"https:\/\/api.w.org\/{rel}","templated":true}]}}